{"id":1481,"date":"2021-08-11T14:07:05","date_gmt":"2021-08-11T12:07:05","guid":{"rendered":"https:\/\/www.wamo-plan.com\/de\/?page_id=1481"},"modified":"2021-08-11T14:24:20","modified_gmt":"2021-08-11T12:24:20","slug":"agb","status":"publish","type":"page","link":"https:\/\/www.wamo-plan.com\/de\/agb\/","title":{"rendered":"AGB"},"content":{"rendered":"\t\t<div data-elementor-type=\"wp-post\" data-elementor-id=\"1481\" class=\"elementor elementor-1481\">\n\t\t\t\t\t\t\t\t\t<section class=\"elementor-section elementor-top-section elementor-element elementor-element-618b833 elementor-section-height-min-height elementor-section-boxed elementor-section-height-default elementor-section-items-middle\" data-id=\"618b833\" data-element_type=\"section\" data-settings=\"{&quot;background_background&quot;:&quot;classic&quot;,&quot;_ha_eqh_enable&quot;:false}\">\n\t\t\t\t\t\t\t<div class=\"elementor-background-overlay\"><\/div>\n\t\t\t\t\t\t\t<div class=\"elementor-container elementor-column-gap-default\">\n\t\t\t\t\t<div class=\"elementor-column elementor-col-100 elementor-top-column elementor-element elementor-element-e0f1ed2\" data-id=\"e0f1ed2\" data-element_type=\"column\">\n\t\t\t<div class=\"elementor-widget-wrap elementor-element-populated\">\n\t\t\t\t\t\t\t\t<section class=\"elementor-section elementor-inner-section elementor-element elementor-element-13b5a32 elementor-section-boxed elementor-section-height-default elementor-section-height-default\" data-id=\"13b5a32\" data-element_type=\"section\" data-settings=\"{&quot;_ha_eqh_enable&quot;:false}\">\n\t\t\t\t\t\t<div class=\"elementor-container elementor-column-gap-default\">\n\t\t\t\t\t<div class=\"elementor-column elementor-col-100 elementor-inner-column elementor-element elementor-element-53839f4\" data-id=\"53839f4\" data-element_type=\"column\">\n\t\t\t<div class=\"elementor-widget-wrap elementor-element-populated\">\n\t\t\t\t\t\t\t\t<div class=\"elementor-element elementor-element-1ae523f elementor-widget elementor-widget-heading\" data-id=\"1ae523f\" data-element_type=\"widget\" data-widget_type=\"heading.default\">\n\t\t\t\t<div class=\"elementor-widget-container\">\n\t\t\t<style>\/*! elementor - v3.10.0 - 09-01-2023 *\/\n.elementor-heading-title{padding:0;margin:0;line-height:1}.elementor-widget-heading .elementor-heading-title[class*=elementor-size-]>a{color:inherit;font-size:inherit;line-height:inherit}.elementor-widget-heading .elementor-heading-title.elementor-size-small{font-size:15px}.elementor-widget-heading .elementor-heading-title.elementor-size-medium{font-size:19px}.elementor-widget-heading .elementor-heading-title.elementor-size-large{font-size:29px}.elementor-widget-heading .elementor-heading-title.elementor-size-xl{font-size:39px}.elementor-widget-heading .elementor-heading-title.elementor-size-xxl{font-size:59px}<\/style><h1 class=\"elementor-heading-title elementor-size-default\">AGB<\/h1>\t\t<\/div>\n\t\t\t\t<\/div>\n\t\t\t\t<div class=\"elementor-element elementor-element-95a609c elementor-widget elementor-widget-heading\" data-id=\"95a609c\" data-element_type=\"widget\" data-widget_type=\"heading.default\">\n\t\t\t\t<div class=\"elementor-widget-container\">\n\t\t\t<span class=\"elementor-heading-title elementor-size-default\">Diese Seite informiert Sie \u00fcber unsere allgemeinen Gesch\u00e4ftsbedingungen!<\/span>\t\t<\/div>\n\t\t\t\t<\/div>\n\t\t\t\t\t<\/div>\n\t\t<\/div>\n\t\t\t\t\t\t\t<\/div>\n\t\t<\/section>\n\t\t\t\t\t<\/div>\n\t\t<\/div>\n\t\t\t\t\t\t\t<\/div>\n\t\t<\/section>\n\t\t\t\t<section class=\"elementor-section elementor-top-section elementor-element elementor-element-246033f0 elementor-section-content-middle elementor-section-boxed elementor-section-height-default elementor-section-height-default\" data-id=\"246033f0\" data-element_type=\"section\" data-settings=\"{&quot;_ha_eqh_enable&quot;:false}\">\n\t\t\t\t\t\t<div class=\"elementor-container elementor-column-gap-no\">\n\t\t\t\t\t<div class=\"elementor-column elementor-col-100 elementor-top-column elementor-element elementor-element-5001ff96\" data-id=\"5001ff96\" data-element_type=\"column\">\n\t\t\t<div class=\"elementor-widget-wrap elementor-element-populated\">\n\t\t\t\t\t\t\t\t<div class=\"elementor-element elementor-element-6de93c61 elementor-widget elementor-widget-heading\" data-id=\"6de93c61\" data-element_type=\"widget\" data-widget_type=\"heading.default\">\n\t\t\t\t<div class=\"elementor-widget-container\">\n\t\t\t<h2 class=\"elementor-heading-title elementor-size-default\">Allgemeine Gesch\u00e4ftsbedingungen (AGB) \u2013\u00a0Sachverst\u00e4ndigenb\u00fcro WAMOplan GmbH<\/h2>\t\t<\/div>\n\t\t\t\t<\/div>\n\t\t\t\t<div class=\"elementor-element elementor-element-b3e3d9b elementor-widget elementor-widget-text-editor\" data-id=\"b3e3d9b\" data-element_type=\"widget\" data-widget_type=\"text-editor.default\">\n\t\t\t\t<div class=\"elementor-widget-container\">\n\t\t\t<style>\/*! elementor - v3.10.0 - 09-01-2023 *\/\n.elementor-widget-text-editor.elementor-drop-cap-view-stacked .elementor-drop-cap{background-color:#818a91;color:#fff}.elementor-widget-text-editor.elementor-drop-cap-view-framed .elementor-drop-cap{color:#818a91;border:3px solid;background-color:transparent}.elementor-widget-text-editor:not(.elementor-drop-cap-view-default) .elementor-drop-cap{margin-top:8px}.elementor-widget-text-editor:not(.elementor-drop-cap-view-default) .elementor-drop-cap-letter{width:1em;height:1em}.elementor-widget-text-editor .elementor-drop-cap{float:left;text-align:center;line-height:1;font-size:50px}.elementor-widget-text-editor .elementor-drop-cap-letter{display:inline-block}<\/style>\t\t\t\t<p><strong>Vertragsgegenstand<\/strong><\/p><ol><li>Gegenstand des Vertrags ist die in der Auftragserteilung \/Auftragsbest\u00e4tigung dargelegte Aufgabe der Berichterstattungen.<\/li><li>Als Grund f\u00fcr die Beauftragung des Sachverst\u00e4ndigen gilt ausschlie\u00dflich der im Auftrag genannte Verwendungszweck. Der Auftraggeber ist verpflichtet, dem Sachverst\u00e4ndigenb\u00fcro und dem Sachverst\u00e4ndigen genaue Angaben \u00fcber den Verwendungszweck zu machen und bei einer \u00c4nderung dies dem Sachverst\u00e4ndigen unverz\u00fcglich mitzuteilen. Von diesen Allgemeinen Gesch\u00e4ftsbedingungen abweichende Gesch\u00e4ftsbedingungen des Auftraggebers gelten nur dann, wenn Sie vom Sachverst\u00e4ndigen ausdr\u00fccklich unterschrieben werden.<\/li><\/ol><p><strong>\u00a0<\/strong><\/p><p><strong>Rechte und Pflichten<\/strong><\/p><ol><li>Der Auftrag zur Erstellung eines Gutachtens wird vom Sachverst\u00e4ndigen nach den geltenden Grunds\u00e4tzen unparteiisch und nach bestem Wissen und Gewissen durchgef\u00fchrt.<\/li><li>Der Sachverst\u00e4ndige ist nicht an Weisungen des Auftraggebers gebunden, wenn diese eine inhaltliche Unrichtigkeit des Gutachtens zur Folge h\u00e4tten.<\/li><li>Der Sachverst\u00e4ndige kann, ohne eine besondere Zustimmung des Auftraggebers, folgende f\u00fcr die Durchf\u00fchrung des Auftrages notwendigen Dinge veranlassen: Besichtigungen, notwendige Untersuchungen, Laborversuche, Fotos, Skizzen, Reisen bis zu einer Entfernung von 150 km (ab B\u00fcroadresse des Sachverst\u00e4ndigen).<\/li><\/ol><p><strong>\u00a0<\/strong><\/p><p><strong>Mitwirkungspflicht des Auftraggebers<\/strong> Der Auftraggeber ist verpflichtet, alle f\u00fcr den Sachverst\u00e4ndigen notwendigen sowie gew\u00fcnschten Unterlagen rechtzeitig und unentgeltlich zur Verf\u00fcgung zu stellen. Er hat den Sachverst\u00e4ndigen bei seiner Arbeit zu unterst\u00fctzen und ihm den Zugang zum Begutachtungsobjekt zu erm\u00f6glichen. Der Auftraggeber ist verpflichtet, den Sachverst\u00e4ndigen unverz\u00fcglich auf \u00c4nderungen hinzuweisen, die f\u00fcr das Gutachten von Belang sind. \u00a0<strong>Hilfskr\u00e4fte &#8211;<\/strong> Der Sachverst\u00e4ndige ist verpflichtet, das Gutachten pers\u00f6nlich zu erstellen. Sofern es f\u00fcr die Durchf\u00fchrung des Auftrags jedoch notwendig ist, kann der Sachverst\u00e4ndige nach eigenem Ermessen Hilfskr\u00e4fte heranziehen. Anfallende Kosten f\u00fcr Hilfskr\u00e4fte oder Laboruntersuchungen sind vom Auftraggeber ohne vorherige Absprache mit dem Sachverst\u00e4ndigen zu bezahlen. Dies gilt bis zu einem Wert von \u20ac 250. \u2013 im Einzelfall, h\u00f6chstens jedoch bis zur H\u00f6he von 10% der Auftragssumme. Sofern h\u00f6here Kosten anfallen, sind diese mit dem Auftraggeber abzusprechen. <strong>Weitere Sachverst\u00e4ndige<\/strong> k\u00f6nnen grunds\u00e4tzlich nur nach Absprache mit dem Auftraggeber eingeschaltet werden. Die Kosten hierf\u00fcr tr\u00e4gt der Auftraggeber. Der Sachverst\u00e4ndige haftet nicht f\u00fcr Gutachten oder Ergebnisse weiterer Sachverst\u00e4ndiger oder Fachgutachter. <strong>Terminvereinbarung &#8211;<\/strong>\u00a0Der Sachverst\u00e4ndige hat das Gutachten in einer f\u00fcr ihn zumutbaren Zeit zu erstellen. Termin-absprachen gelten nur dann, sofern sie schriftlich dem Auftraggeber zugesichert worden sind.<\/p><p><strong>Schweigepflicht<\/strong><\/p><ol><li>Der Sachverst\u00e4ndige ist im Rahmen seiner gutachterlichen T\u00e4tigkeit dazu verpflichtet, die ihm anvertrauten pers\u00f6nlichen und gesch\u00e4ftlichen Geheimnisse nicht an Dritte weiterzugeben. Auch \u00fcber nicht offenkundige Tatsachen hat er Verschwiegenheit zu wahren.<\/li><li>Der Sachverst\u00e4ndige ist zur Offenbarung der ihm anvertrauten Geheimnisse dann befugt, wenn dies aufgrund gesetzlicher Vorschriften geschieht oder der Auftraggeber ihn ausdr\u00fccklich von seiner Schweigepflicht entbunden hat.<\/li><\/ol><p>\u00a0<\/p><p><strong>Urheberrecht<\/strong><\/p><ol><li>Der Auftraggeber darf das von ihm in Auftrag gegebene Gutachten nur zu dem in der Auftragserteilung festgelegten Zweck verwenden. Vervielf\u00e4ltigung und Ver\u00f6ffentlichung eines Gutachtens sind nur dann m\u00f6glich, wenn der Sachverst\u00e4ndige hierzu ausdr\u00fccklich sein schriftliches Einverst\u00e4ndnis gegeben hat.<\/li><\/ol><p>2. Der Sachverst\u00e4ndige hat an dem von ihm erstellten Gutachten ein Urheberrecht.<\/p><p>\u00a0<strong>Auskunftspflicht<\/strong><\/p><p>Der Auftraggeber hat das Recht, vom Sachverst\u00e4ndigen Ausk\u00fcnfte dar\u00fcber zu verlangen, ob das Gutachten termingerecht fertig gestellt werden kann, ob zu den anf\u00e4nglich vereinbarten Auslagen weitere Mittel des Auftraggebers erforderlich sind sowie \u00fcber den neuesten Stand des Gutachtens. \u00a0\u00a0<\/p><p><strong>Verg\u00fctung des Sachverst\u00e4ndigen<\/strong><\/p><ol><li>Grundlage f\u00fcr die Verg\u00fctung des Sachverst\u00e4ndigen sind die einschl\u00e4gigen Bestimmungen des BGB, die entsprechende Bestimmung in diesen AGB sowie die getroffenen Vereinbarungen des Gutachtervertrags.<\/li><li>Der Sachverst\u00e4ndige kann Vorauszahlungen f\u00fcr die von ihm geforderten Leistungen und Aufwendungen verlangen. Die H\u00f6he der angeordneten Vorauszahlung ist im jeweiligen Gutachtervertrag anzugeben. Der Sachverst\u00e4ndige ist berechtigt, erst nach Eingang der Vorauszahlung t\u00e4tig zu werden.<\/li><li>Der Sachverst\u00e4ndige hat einen Anspruch darauf, die ihm entstandenen Aufwendungen, die f\u00fcr die Erstellung des Gutachtens notwendig sind, dem Auftraggeber in Rechnung zu stellen.<\/li><li>Die volle Geb\u00fchr wird mit \u00dcberreichung des Gutachtens an den Auftraggeber oder einer von ihm benannten Person f\u00e4llig. Bereits bezahlte Vorauszahlungen sind in Abzug zu bringen.<\/li><li>Die Geb\u00fchrenrechnung des Sachverst\u00e4ndigen kann entweder nach dem Objektwert fest vereinbart werden oder richtet sich nach den in diesen AGB aufgef\u00fchrten Stunden- und Verrechnungs-s\u00e4tzen jeweils nach dem Zeitaufwand. Als Stundens\u00e4tze gelten: F\u00fcr den Sachverst\u00e4ndigen 122,50 Euro, f\u00fcr die Hilfskraft 67,00 Euro.<\/li><li>Im Einzelfall kann der Sachverst\u00e4ndige diese Geb\u00fchren bis zu 30% \u00fcberschreiten, wenn von ihm nur Teilleistungen gefordert werden, es einem umfangreichen Literaturstudium bedarf oder ein besonderer Einsatz des Sachverst\u00e4ndigen gefordert wird (z.B. Arbeit an Feiertagen, Eilbed\u00fcrftigkeit).<\/li><li>Die Leistungen des Sachverst\u00e4ndigen sowie Auslagen, die der Sachverst\u00e4ndige in Rechnung stellt, unterliegen der derzeit g\u00fcltigen gesetzlichen Mehrwertsteuer.<\/li><\/ol><p>\u00a0<\/p><p><strong>Zahlungen<\/strong><\/p><ol><li>Der Rechnungsbetrag wird mit dem Datum der Rechnungsstellung oder mit \u00dcbergabe des Gutachtens f\u00e4llig. Der Rechnungsbetrag ist grunds\u00e4tzlich innerhalb von 14 Tagen ohne Abzug zu bezahlen. Bei nicht fristgerechter Bezahlung der Gutachterrechnung hat der Auftraggeber f\u00fcr den Schaden einzustehen, der dem Sachverst\u00e4ndigen durch diesen Verzug entstanden ist. Des Weiteren ist der Sachverst\u00e4ndige befugt, die gesetzlichen Verzugszinsen (\u00a7 288 BGB) zu verlangen.<\/li><\/ol><p>\u00a0<\/p><p><strong>Haftung<\/strong><\/p><ol><li>Der Sachverst\u00e4ndige haftet nur f\u00fcr Vorsatz und grobe Fahrl\u00e4ssigkeit. Unabh\u00e4ngig davon, ob es sich um eine vertragliche, au\u00dfervertragliche oder um eine gesetzliche Anspruchsgrundlage handelt.<\/li><li>Der Sachverst\u00e4ndige haftet f\u00fcr Sch\u00e4den, die auf einem mangelhaften Gutachten beruhen- gleich aus welchem Rechtsgrund \u2014 nur dann, wenn er oder seine Erf\u00fcllungsgehilfen die Sch\u00e4den durch vors\u00e4tzliche oder grob fahrl\u00e4ssige Pflichtverletzung verursacht haben. Dies gilt auch f\u00fcr Sch\u00e4den, die der Sachverst\u00e4ndige bei Vorbereitung seines Gutachtens verursacht hat sowie f\u00fcr Sch\u00e4den, die nach erfolgter Nacherf\u00fcllung entstanden sind. \u00a7 939 BGB bleibt unber\u00fchrt. Alle dar\u00fcber hinausgehenden Schadensersatzanspr\u00fcche werden ausgeschlossen.<\/li><li>Sollte der Auftraggeber das Gutachten an Dritte weitergeben, so \u00fcbernimmt er die pers\u00f6nliche Haftung f\u00fcr Sch\u00e4den Dritter, die aufgrund des Gutachtens entstehen. Er stellt den Gutachter entsprechend von Haftungsanspr\u00fcchen Dritter frei.<\/li><\/ol><p>\u00a0<\/p><p><strong>K\u00fcndigung<\/strong><\/p><ol><li>Eine K\u00fcndigung des Gutachterauftrags ist nur aus wichtigem Grund m\u00f6glich. Die K\u00fcndigung hat schriftlich zu erfolgen.<\/li><li>Als wichtiger K\u00fcndigungsgrund gilt, wenn der Sachverst\u00e4ndige in grober Weise gegen die ihm nach der Sachverst\u00e4ndigenordnung obliegenden Verpflichtungen verst\u00f6\u00dft.<\/li><li>Als wichtiger K\u00fcndigungsgrund gilt unter anderem, wenn der Auftraggeber seiner Mitwirkungspflicht nicht nachkommt, seine Zustimmung zur Einsicht verweigert oder dem Sachverst\u00e4ndigen keinen Zugang verschafft. Des Weiteren gilt als wichtiger K\u00fcndigungsgrund, wenn der Auftraggeber den Sachverst\u00e4ndigen in seiner Arbeit behindert oder sein pflichtwidriges Verhalten aufgrund einer Mahnung des Sachverst\u00e4ndigen nicht \u00e4ndert.<\/li><\/ol><p>\u00a0<\/p><p><strong>Erf\u00fcllungsort<\/strong>\u00a0<\/p><p>Ort der Erf\u00fcllung ist der Gesch\u00e4ftssitz des Sachverst\u00e4ndigen. \u00a0\u00a0<\/p><p><strong>Schlussbestimmungen<\/strong><\/p><ol><li>Falls eine Bestimmung dieses Vertrages aufgrund gesetzlicher Regelungen nichtig ist, wird die G\u00fcltigkeit der \u00fcbrigen Bestimmung dieses Vertrages nicht ber\u00fchrt. Unwirksame Bestimmungen k\u00f6nnen durch solche ersetzt werden, die dem gewollten Zweck am n\u00e4chsten kommen und gesetzlich zul\u00e4ssig sind. Die Vertragsparteien verpflichten sich zur Annahme einer solchen Ersatzbestimmung.<\/li><li>\u00c4nderungen oder Nebenabreden zu diesem Vertrag haben schriftlich zu erfolgen.<\/li><\/ol>\t\t\t\t\t\t<\/div>\n\t\t\t\t<\/div>\n\t\t\t\t\t<\/div>\n\t\t<\/div>\n\t\t\t\t\t\t\t<\/div>\n\t\t<\/section>\n\t\t\t\t\t\t\t<\/div>\n\t\t","protected":false},"excerpt":{"rendered":"<p>AGB Diese Seite informiert Sie \u00fcber unsere allgemeinen Gesch\u00e4ftsbedingungen! Allgemeine Gesch\u00e4ftsbedingungen (AGB) \u2013\u00a0Sachverst\u00e4ndigenb\u00fcro WAMOplan GmbH Vertragsgegenstand Gegenstand des Vertrags ist die in der Auftragserteilung \/Auftragsbest\u00e4tigung dargelegte Aufgabe der Berichterstattungen. Als Grund f\u00fcr die Beauftragung des Sachverst\u00e4ndigen gilt ausschlie\u00dflich der im Auftrag genannte Verwendungszweck. Der Auftraggeber ist verpflichtet, dem Sachverst\u00e4ndigenb\u00fcro und dem Sachverst\u00e4ndigen genaue Angaben \u00fcber&hellip;&nbsp;<a href=\"https:\/\/www.wamo-plan.com\/de\/agb\/\" class=\"\" rel=\"bookmark\">Weiterlesen &raquo;<span class=\"screen-reader-text\">AGB<\/span><\/a><\/p>\n","protected":false},"author":2,"featured_media":0,"parent":0,"menu_order":0,"comment_status":"closed","ping_status":"closed","template":"elementor_header_footer","meta":{"neve_meta_sidebar":"","neve_meta_container":"","neve_meta_enable_content_width":"","neve_meta_content_width":70,"neve_meta_title_alignment":"","neve_meta_author_avatar":"","neve_post_elements_order":"","neve_meta_disable_header":"","neve_meta_disable_footer":"","neve_meta_disable_title":""},"yoast_head":"<!-- This site is optimized with the Yoast SEO plugin v21.1 - https:\/\/yoast.com\/wordpress\/plugins\/seo\/ -->\n<title>AGB - WAMOplan GmbH<\/title>\n<meta name=\"description\" content=\"AGB - Diese Seite informiert Sie \u00fcber unsere allgemeinen Gesch\u00e4ftsbedingungen.\" \/>\n<meta name=\"robots\" content=\"index, follow, max-snippet:-1, max-image-preview:large, max-video-preview:-1\" \/>\n<link rel=\"canonical\" href=\"https:\/\/www.wamo-plan.com\/de\/agb\/\" \/>\n<meta property=\"og:locale\" content=\"de_DE\" \/>\n<meta property=\"og:type\" content=\"article\" \/>\n<meta property=\"og:title\" content=\"AGB - WAMOplan GmbH\" \/>\n<meta property=\"og:description\" content=\"AGB - Diese Seite informiert Sie \u00fcber unsere allgemeinen Gesch\u00e4ftsbedingungen.\" \/>\n<meta property=\"og:url\" content=\"https:\/\/www.wamo-plan.com\/de\/agb\/\" \/>\n<meta property=\"og:site_name\" content=\"WAMOplan GmbH\" \/>\n<meta property=\"article:modified_time\" content=\"2021-08-11T12:24:20+00:00\" \/>\n<meta name=\"twitter:card\" content=\"summary_large_image\" \/>\n<meta name=\"twitter:label1\" content=\"Gesch\u00e4tzte Lesezeit\" \/>\n\t<meta name=\"twitter:data1\" content=\"5\u00a0Minuten\" \/>\n<script type=\"application\/ld+json\" class=\"yoast-schema-graph\">{\"@context\":\"https:\/\/schema.org\",\"@graph\":[{\"@type\":\"WebPage\",\"@id\":\"https:\/\/www.wamo-plan.com\/de\/agb\/\",\"url\":\"https:\/\/www.wamo-plan.com\/de\/agb\/\",\"name\":\"AGB - WAMOplan GmbH\",\"isPartOf\":{\"@id\":\"https:\/\/www.wamo-plan.com\/de\/#website\"},\"datePublished\":\"2021-08-11T12:07:05+00:00\",\"dateModified\":\"2021-08-11T12:24:20+00:00\",\"description\":\"AGB - Diese Seite informiert Sie \u00fcber unsere allgemeinen Gesch\u00e4ftsbedingungen.\",\"breadcrumb\":{\"@id\":\"https:\/\/www.wamo-plan.com\/de\/agb\/#breadcrumb\"},\"inLanguage\":\"de\",\"potentialAction\":[{\"@type\":\"ReadAction\",\"target\":[\"https:\/\/www.wamo-plan.com\/de\/agb\/\"]}]},{\"@type\":\"BreadcrumbList\",\"@id\":\"https:\/\/www.wamo-plan.com\/de\/agb\/#breadcrumb\",\"itemListElement\":[{\"@type\":\"ListItem\",\"position\":1,\"name\":\"Startseite\",\"item\":\"https:\/\/www.wamo-plan.com\/de\/\"},{\"@type\":\"ListItem\",\"position\":2,\"name\":\"AGB\"}]},{\"@type\":\"WebSite\",\"@id\":\"https:\/\/www.wamo-plan.com\/de\/#website\",\"url\":\"https:\/\/www.wamo-plan.com\/de\/\",\"name\":\"Planungs- und Sachverst\u00e4ndigenb\u00fcro | Ihre Bauexperten | WAMOplan\",\"description\":\"\",\"publisher\":{\"@id\":\"https:\/\/www.wamo-plan.com\/de\/#organization\"},\"potentialAction\":[{\"@type\":\"SearchAction\",\"target\":{\"@type\":\"EntryPoint\",\"urlTemplate\":\"https:\/\/www.wamo-plan.com\/de\/?s={search_term_string}\"},\"query-input\":\"required name=search_term_string\"}],\"inLanguage\":\"de\"},{\"@type\":\"Organization\",\"@id\":\"https:\/\/www.wamo-plan.com\/de\/#organization\",\"name\":\"WAMOplan GmbH\",\"url\":\"https:\/\/www.wamo-plan.com\/de\/\",\"logo\":{\"@type\":\"ImageObject\",\"inLanguage\":\"de\",\"@id\":\"https:\/\/www.wamo-plan.com\/de\/#\/schema\/logo\/image\/\",\"url\":\"https:\/\/www.wamo-plan.com\/wp-content\/uploads\/2019\/12\/WAMOplan_Logo.png\",\"contentUrl\":\"https:\/\/www.wamo-plan.com\/wp-content\/uploads\/2019\/12\/WAMOplan_Logo.png\",\"width\":2480,\"height\":710,\"caption\":\"WAMOplan GmbH\"},\"image\":{\"@id\":\"https:\/\/www.wamo-plan.com\/de\/#\/schema\/logo\/image\/\"}}]}<\/script>\n<!-- \/ Yoast SEO plugin. -->","yoast_head_json":{"title":"AGB - WAMOplan GmbH","description":"AGB - Diese Seite informiert Sie \u00fcber unsere allgemeinen Gesch\u00e4ftsbedingungen.","robots":{"index":"index","follow":"follow","max-snippet":"max-snippet:-1","max-image-preview":"max-image-preview:large","max-video-preview":"max-video-preview:-1"},"canonical":"https:\/\/www.wamo-plan.com\/de\/agb\/","og_locale":"de_DE","og_type":"article","og_title":"AGB - WAMOplan GmbH","og_description":"AGB - Diese Seite informiert Sie \u00fcber unsere allgemeinen Gesch\u00e4ftsbedingungen.","og_url":"https:\/\/www.wamo-plan.com\/de\/agb\/","og_site_name":"WAMOplan GmbH","article_modified_time":"2021-08-11T12:24:20+00:00","twitter_card":"summary_large_image","twitter_misc":{"Gesch\u00e4tzte Lesezeit":"5\u00a0Minuten"},"schema":{"@context":"https:\/\/schema.org","@graph":[{"@type":"WebPage","@id":"https:\/\/www.wamo-plan.com\/de\/agb\/","url":"https:\/\/www.wamo-plan.com\/de\/agb\/","name":"AGB - WAMOplan GmbH","isPartOf":{"@id":"https:\/\/www.wamo-plan.com\/de\/#website"},"datePublished":"2021-08-11T12:07:05+00:00","dateModified":"2021-08-11T12:24:20+00:00","description":"AGB - Diese Seite informiert Sie \u00fcber unsere allgemeinen Gesch\u00e4ftsbedingungen.","breadcrumb":{"@id":"https:\/\/www.wamo-plan.com\/de\/agb\/#breadcrumb"},"inLanguage":"de","potentialAction":[{"@type":"ReadAction","target":["https:\/\/www.wamo-plan.com\/de\/agb\/"]}]},{"@type":"BreadcrumbList","@id":"https:\/\/www.wamo-plan.com\/de\/agb\/#breadcrumb","itemListElement":[{"@type":"ListItem","position":1,"name":"Startseite","item":"https:\/\/www.wamo-plan.com\/de\/"},{"@type":"ListItem","position":2,"name":"AGB"}]},{"@type":"WebSite","@id":"https:\/\/www.wamo-plan.com\/de\/#website","url":"https:\/\/www.wamo-plan.com\/de\/","name":"Planungs- und Sachverst\u00e4ndigenb\u00fcro | Ihre Bauexperten | WAMOplan","description":"","publisher":{"@id":"https:\/\/www.wamo-plan.com\/de\/#organization"},"potentialAction":[{"@type":"SearchAction","target":{"@type":"EntryPoint","urlTemplate":"https:\/\/www.wamo-plan.com\/de\/?s={search_term_string}"},"query-input":"required name=search_term_string"}],"inLanguage":"de"},{"@type":"Organization","@id":"https:\/\/www.wamo-plan.com\/de\/#organization","name":"WAMOplan GmbH","url":"https:\/\/www.wamo-plan.com\/de\/","logo":{"@type":"ImageObject","inLanguage":"de","@id":"https:\/\/www.wamo-plan.com\/de\/#\/schema\/logo\/image\/","url":"https:\/\/www.wamo-plan.com\/wp-content\/uploads\/2019\/12\/WAMOplan_Logo.png","contentUrl":"https:\/\/www.wamo-plan.com\/wp-content\/uploads\/2019\/12\/WAMOplan_Logo.png","width":2480,"height":710,"caption":"WAMOplan GmbH"},"image":{"@id":"https:\/\/www.wamo-plan.com\/de\/#\/schema\/logo\/image\/"}}]}},"_links":{"self":[{"href":"https:\/\/www.wamo-plan.com\/de\/wp-json\/wp\/v2\/pages\/1481"}],"collection":[{"href":"https:\/\/www.wamo-plan.com\/de\/wp-json\/wp\/v2\/pages"}],"about":[{"href":"https:\/\/www.wamo-plan.com\/de\/wp-json\/wp\/v2\/types\/page"}],"author":[{"embeddable":true,"href":"https:\/\/www.wamo-plan.com\/de\/wp-json\/wp\/v2\/users\/2"}],"replies":[{"embeddable":true,"href":"https:\/\/www.wamo-plan.com\/de\/wp-json\/wp\/v2\/comments?post=1481"}],"version-history":[{"count":10,"href":"https:\/\/www.wamo-plan.com\/de\/wp-json\/wp\/v2\/pages\/1481\/revisions"}],"predecessor-version":[{"id":1514,"href":"https:\/\/www.wamo-plan.com\/de\/wp-json\/wp\/v2\/pages\/1481\/revisions\/1514"}],"wp:attachment":[{"href":"https:\/\/www.wamo-plan.com\/de\/wp-json\/wp\/v2\/media?parent=1481"}],"curies":[{"name":"wp","href":"https:\/\/api.w.org\/{rel}","templated":true}]}}