{"id":15,"date":"2019-07-16T09:26:57","date_gmt":"2019-07-16T09:26:57","guid":{"rendered":"https:\/\/demosites.io\/architecture\/?page_id=15"},"modified":"2021-08-26T12:41:35","modified_gmt":"2021-08-26T10:41:35","slug":"seminare","status":"publish","type":"page","link":"https:\/\/www.wamo-plan.com\/de\/seminare\/","title":{"rendered":"Seminare"},"content":{"rendered":"\t\t<div data-elementor-type=\"wp-post\" data-elementor-id=\"15\" class=\"elementor elementor-15\">\n\t\t\t\t\t\t\t\t\t<section class=\"elementor-section elementor-top-section elementor-element elementor-element-eba13a3 elementor-section-height-min-height elementor-section-boxed elementor-section-height-default elementor-section-items-middle\" data-id=\"eba13a3\" data-element_type=\"section\" data-settings=\"{&quot;background_background&quot;:&quot;classic&quot;,&quot;_ha_eqh_enable&quot;:false}\">\n\t\t\t\t\t\t\t<div class=\"elementor-background-overlay\"><\/div>\n\t\t\t\t\t\t\t<div class=\"elementor-container elementor-column-gap-default\">\n\t\t\t\t\t<div class=\"elementor-column elementor-col-100 elementor-top-column elementor-element elementor-element-1ee2d4f\" data-id=\"1ee2d4f\" data-element_type=\"column\">\n\t\t\t<div class=\"elementor-widget-wrap elementor-element-populated\">\n\t\t\t\t\t\t\t\t<section class=\"elementor-section elementor-inner-section elementor-element elementor-element-ab135ab elementor-section-boxed elementor-section-height-default elementor-section-height-default\" data-id=\"ab135ab\" data-element_type=\"section\" data-settings=\"{&quot;_ha_eqh_enable&quot;:false}\">\n\t\t\t\t\t\t<div class=\"elementor-container elementor-column-gap-default\">\n\t\t\t\t\t<div class=\"elementor-column elementor-col-100 elementor-inner-column elementor-element elementor-element-0e55e97\" data-id=\"0e55e97\" data-element_type=\"column\">\n\t\t\t<div class=\"elementor-widget-wrap elementor-element-populated\">\n\t\t\t\t\t\t\t\t<div class=\"elementor-element elementor-element-70c9479 elementor-widget elementor-widget-heading\" data-id=\"70c9479\" data-element_type=\"widget\" data-widget_type=\"heading.default\">\n\t\t\t\t<div class=\"elementor-widget-container\">\n\t\t\t<style>\/*! elementor - v3.10.0 - 09-01-2023 *\/\n.elementor-heading-title{padding:0;margin:0;line-height:1}.elementor-widget-heading .elementor-heading-title[class*=elementor-size-]>a{color:inherit;font-size:inherit;line-height:inherit}.elementor-widget-heading .elementor-heading-title.elementor-size-small{font-size:15px}.elementor-widget-heading .elementor-heading-title.elementor-size-medium{font-size:19px}.elementor-widget-heading .elementor-heading-title.elementor-size-large{font-size:29px}.elementor-widget-heading .elementor-heading-title.elementor-size-xl{font-size:39px}.elementor-widget-heading .elementor-heading-title.elementor-size-xxl{font-size:59px}<\/style><span class=\"elementor-heading-title elementor-size-default\">WAMOplan GmbH in Kerpen<\/span>\t\t<\/div>\n\t\t\t\t<\/div>\n\t\t\t\t<div class=\"elementor-element elementor-element-0594a0e elementor-widget elementor-widget-heading\" data-id=\"0594a0e\" data-element_type=\"widget\" data-widget_type=\"heading.default\">\n\t\t\t\t<div class=\"elementor-widget-container\">\n\t\t\t<h1 class=\"elementor-heading-title elementor-size-default\">SEMINARE<\/h1>\t\t<\/div>\n\t\t\t\t<\/div>\n\t\t\t\t\t<\/div>\n\t\t<\/div>\n\t\t\t\t\t\t\t<\/div>\n\t\t<\/section>\n\t\t\t\t\t<\/div>\n\t\t<\/div>\n\t\t\t\t\t\t\t<\/div>\n\t\t<\/section>\n\t\t\t\t<section class=\"elementor-section elementor-top-section elementor-element elementor-element-8cee293 elementor-section-boxed elementor-section-height-default elementor-section-height-default\" data-id=\"8cee293\" data-element_type=\"section\" data-settings=\"{&quot;background_background&quot;:&quot;classic&quot;,&quot;_ha_eqh_enable&quot;:false}\">\n\t\t\t\t\t\t<div class=\"elementor-container elementor-column-gap-default\">\n\t\t\t\t\t<div class=\"elementor-column elementor-col-100 elementor-top-column elementor-element elementor-element-4e296ad\" data-id=\"4e296ad\" data-element_type=\"column\">\n\t\t\t<div class=\"elementor-widget-wrap elementor-element-populated\">\n\t\t\t\t\t\t\t\t<section class=\"elementor-section elementor-inner-section elementor-element elementor-element-0fcbf79 elementor-section-boxed elementor-section-height-default elementor-section-height-default\" data-id=\"0fcbf79\" data-element_type=\"section\" data-settings=\"{&quot;_ha_eqh_enable&quot;:false}\">\n\t\t\t\t\t\t<div class=\"elementor-container elementor-column-gap-default\">\n\t\t\t\t\t<div class=\"elementor-column elementor-col-100 elementor-inner-column elementor-element elementor-element-0be34e9\" data-id=\"0be34e9\" data-element_type=\"column\">\n\t\t\t<div class=\"elementor-widget-wrap elementor-element-populated\">\n\t\t\t\t\t\t\t\t<div class=\"elementor-element elementor-element-658832c elementor-widget elementor-widget-heading\" data-id=\"658832c\" data-element_type=\"widget\" data-widget_type=\"heading.default\">\n\t\t\t\t<div class=\"elementor-widget-container\">\n\t\t\t<span class=\"elementor-heading-title elementor-size-default\">Mit unseren Seminaren bleiben Sie stets auf dem aktuellen Stand!!!<\/span>\t\t<\/div>\n\t\t\t\t<\/div>\n\t\t\t\t<div class=\"elementor-element elementor-element-f0e4a93 elementor-widget elementor-widget-heading\" data-id=\"f0e4a93\" data-element_type=\"widget\" data-widget_type=\"heading.default\">\n\t\t\t\t<div class=\"elementor-widget-container\">\n\t\t\t<h2 class=\"elementor-heading-title elementor-size-default\">Seminare speziell f\u00fcr...<\/h2>\t\t<\/div>\n\t\t\t\t<\/div>\n\t\t\t\t<div class=\"elementor-element elementor-element-d4f2e99 elementor-icon-list--layout-inline elementor-align-center elementor-list-item-link-full_width elementor-widget elementor-widget-icon-list\" data-id=\"d4f2e99\" data-element_type=\"widget\" data-widget_type=\"icon-list.default\">\n\t\t\t\t<div class=\"elementor-widget-container\">\n\t\t\t<link rel=\"stylesheet\" href=\"https:\/\/www.wamo-plan.com\/wp-content\/plugins\/elementor\/assets\/css\/widget-icon-list.min.css\">\t\t<ul class=\"elementor-icon-list-items elementor-inline-items\">\n\t\t\t\t\t\t\t<li class=\"elementor-icon-list-item elementor-inline-item\">\n\t\t\t\t\t\t\t\t\t\t\t<span class=\"elementor-icon-list-icon\">\n\t\t\t\t\t\t\t<i aria-hidden=\"true\" class=\"fas fa-check\"><\/i>\t\t\t\t\t\t<\/span>\n\t\t\t\t\t\t\t\t\t\t<span class=\"elementor-icon-list-text\">Bauleiter<\/span>\n\t\t\t\t\t\t\t\t\t<\/li>\n\t\t\t\t\t\t\t\t<li class=\"elementor-icon-list-item elementor-inline-item\">\n\t\t\t\t\t\t\t\t\t\t\t<span class=\"elementor-icon-list-icon\">\n\t\t\t\t\t\t\t<i aria-hidden=\"true\" class=\"fas fa-check\"><\/i>\t\t\t\t\t\t<\/span>\n\t\t\t\t\t\t\t\t\t\t<span class=\"elementor-icon-list-text\">Architekten<\/span>\n\t\t\t\t\t\t\t\t\t<\/li>\n\t\t\t\t\t\t\t\t<li class=\"elementor-icon-list-item elementor-inline-item\">\n\t\t\t\t\t\t\t\t\t\t\t<span class=\"elementor-icon-list-icon\">\n\t\t\t\t\t\t\t<i aria-hidden=\"true\" class=\"fas fa-check\"><\/i>\t\t\t\t\t\t<\/span>\n\t\t\t\t\t\t\t\t\t\t<span class=\"elementor-icon-list-text\">Planer<\/span>\n\t\t\t\t\t\t\t\t\t<\/li>\n\t\t\t\t\t\t\t\t<li class=\"elementor-icon-list-item elementor-inline-item\">\n\t\t\t\t\t\t\t\t\t\t\t<span class=\"elementor-icon-list-icon\">\n\t\t\t\t\t\t\t<i aria-hidden=\"true\" class=\"fas fa-check\"><\/i>\t\t\t\t\t\t<\/span>\n\t\t\t\t\t\t\t\t\t\t<span class=\"elementor-icon-list-text\">Ingenieure<\/span>\n\t\t\t\t\t\t\t\t\t<\/li>\n\t\t\t\t\t\t<\/ul>\n\t\t\t\t<\/div>\n\t\t\t\t<\/div>\n\t\t\t\t<div class=\"elementor-element elementor-element-c855986 elementor-widget elementor-widget-text-editor\" data-id=\"c855986\" data-element_type=\"widget\" data-widget_type=\"text-editor.default\">\n\t\t\t\t<div class=\"elementor-widget-container\">\n\t\t\t<style>\/*! elementor - v3.10.0 - 09-01-2023 *\/\n.elementor-widget-text-editor.elementor-drop-cap-view-stacked .elementor-drop-cap{background-color:#818a91;color:#fff}.elementor-widget-text-editor.elementor-drop-cap-view-framed .elementor-drop-cap{color:#818a91;border:3px solid;background-color:transparent}.elementor-widget-text-editor:not(.elementor-drop-cap-view-default) .elementor-drop-cap{margin-top:8px}.elementor-widget-text-editor:not(.elementor-drop-cap-view-default) .elementor-drop-cap-letter{width:1em;height:1em}.elementor-widget-text-editor .elementor-drop-cap{float:left;text-align:center;line-height:1;font-size:50px}.elementor-widget-text-editor .elementor-drop-cap-letter{display:inline-block}<\/style>\t\t\t\t<p>Wir vermitteln aktuelle Regeln, DIN-Normen, Vorgaben, Anforderungen in unseren Grundlagen- und Praxisseminaren.<\/p>\t\t\t\t\t\t<\/div>\n\t\t\t\t<\/div>\n\t\t\t\t<div class=\"elementor-element elementor-element-2c09c5e elementor-widget elementor-widget-text-editor\" data-id=\"2c09c5e\" data-element_type=\"widget\" data-widget_type=\"text-editor.default\">\n\t\t\t\t<div class=\"elementor-widget-container\">\n\t\t\t\t\t\t\t<p>Unser Seminarangebot f\u00fcr Sie zu den folgenden Themen:<\/p>\t\t\t\t\t\t<\/div>\n\t\t\t\t<\/div>\n\t\t\t\t<div class=\"elementor-element elementor-element-f4f57c5 elementor-align-center elementor-icon-list--layout-traditional elementor-list-item-link-full_width elementor-widget elementor-widget-icon-list\" data-id=\"f4f57c5\" data-element_type=\"widget\" data-widget_type=\"icon-list.default\">\n\t\t\t\t<div class=\"elementor-widget-container\">\n\t\t\t\t\t<ul class=\"elementor-icon-list-items\">\n\t\t\t\t\t\t\t<li class=\"elementor-icon-list-item\">\n\t\t\t\t\t\t\t\t\t\t\t<span class=\"elementor-icon-list-icon\">\n\t\t\t\t\t\t\t<i aria-hidden=\"true\" class=\"fas fa-check-circle\"><\/i>\t\t\t\t\t\t<\/span>\n\t\t\t\t\t\t\t\t\t\t<span class=\"elementor-icon-list-text\">Grundlagenseminar Flachdach f\u00fcr Bauleiter<\/span>\n\t\t\t\t\t\t\t\t\t<\/li>\n\t\t\t\t\t\t\t\t<li class=\"elementor-icon-list-item\">\n\t\t\t\t\t\t\t\t\t\t\t<span class=\"elementor-icon-list-icon\">\n\t\t\t\t\t\t\t<i aria-hidden=\"true\" class=\"fas fa-check-circle\"><\/i>\t\t\t\t\t\t<\/span>\n\t\t\t\t\t\t\t\t\t\t<span class=\"elementor-icon-list-text\">Praxisseminar und Praxistipps f\u00fcr Bauleiter<\/span>\n\t\t\t\t\t\t\t\t\t<\/li>\n\t\t\t\t\t\t<\/ul>\n\t\t\t\t<\/div>\n\t\t\t\t<\/div>\n\t\t\t\t<div class=\"elementor-element elementor-element-a954a39 elementor-widget elementor-widget-eael-creative-button\" data-id=\"a954a39\" data-element_type=\"widget\" data-widget_type=\"eael-creative-button.default\">\n\t\t\t\t<div class=\"elementor-widget-container\">\n\t\t\t        <div class=\"eael-creative-button-wrapper\">\n\n            <a class=\"eael-creative-button eael-creative-button--winona\" href=\"tel:4922736869821\" data-text=\"Hier klicken zum Anruf\">\n\n\t    \n                <div class=\"creative-button-inner\">\n\n                                            <span class=\"eael-creative-button-icon-left\"><i aria-hidden=\"true\" class=\"fas fa-phone-volume\"><\/i><\/span>                    \n                    <span class=\"cretive-button-text\">02273 \u2013 6869821<\/span>\n\n                                    <\/div>\n\t                        <\/a>\n        <\/div>\n\t\t<\/div>\n\t\t\t\t<\/div>\n\t\t\t\t\t<\/div>\n\t\t<\/div>\n\t\t\t\t\t\t\t<\/div>\n\t\t<\/section>\n\t\t\t\t\t<\/div>\n\t\t<\/div>\n\t\t\t\t\t\t\t<\/div>\n\t\t<\/section>\n\t\t\t\t<section class=\"elementor-section elementor-top-section elementor-element elementor-element-74665926 elementor-section-content-middle elementor-section-boxed elementor-section-height-default elementor-section-height-default\" data-id=\"74665926\" data-element_type=\"section\" data-settings=\"{&quot;background_background&quot;:&quot;classic&quot;,&quot;_ha_eqh_enable&quot;:false}\">\n\t\t\t\t\t\t<div class=\"elementor-container elementor-column-gap-no\">\n\t\t\t\t\t<div class=\"elementor-column elementor-col-50 elementor-top-column elementor-element elementor-element-2799c82a\" data-id=\"2799c82a\" data-element_type=\"column\">\n\t\t\t<div class=\"elementor-widget-wrap elementor-element-populated\">\n\t\t\t\t\t\t\t\t<div class=\"elementor-element elementor-element-25a5d503 elementor-widget elementor-widget-image\" data-id=\"25a5d503\" data-element_type=\"widget\" data-widget_type=\"image.default\">\n\t\t\t\t<div class=\"elementor-widget-container\">\n\t\t\t<style>\/*! elementor - v3.10.0 - 09-01-2023 *\/\n.elementor-widget-image{text-align:center}.elementor-widget-image a{display:inline-block}.elementor-widget-image a img[src$=\".svg\"]{width:48px}.elementor-widget-image img{vertical-align:middle;display:inline-block}<\/style>\t\t\t\t\t\t\t\t\t\t\t\t<img decoding=\"async\" width=\"2500\" height=\"1000\" src=\"https:\/\/www.wamo-plan.com\/wp-content\/uploads\/2020\/01\/BilderOO3-neu_bearbeitet_2500x1000-1.jpg\" class=\"attachment-full size-full wp-image-369\" alt=\"\" loading=\"lazy\" srcset=\"https:\/\/www.wamo-plan.com\/wp-content\/uploads\/2020\/01\/BilderOO3-neu_bearbeitet_2500x1000-1.jpg 2500w, https:\/\/www.wamo-plan.com\/wp-content\/uploads\/2020\/01\/BilderOO3-neu_bearbeitet_2500x1000-1-600x240.jpg 600w, https:\/\/www.wamo-plan.com\/wp-content\/uploads\/2020\/01\/BilderOO3-neu_bearbeitet_2500x1000-1-300x120.jpg 300w, https:\/\/www.wamo-plan.com\/wp-content\/uploads\/2020\/01\/BilderOO3-neu_bearbeitet_2500x1000-1-1024x410.jpg 1024w, https:\/\/www.wamo-plan.com\/wp-content\/uploads\/2020\/01\/BilderOO3-neu_bearbeitet_2500x1000-1-768x307.jpg 768w, https:\/\/www.wamo-plan.com\/wp-content\/uploads\/2020\/01\/BilderOO3-neu_bearbeitet_2500x1000-1-1536x614.jpg 1536w, https:\/\/www.wamo-plan.com\/wp-content\/uploads\/2020\/01\/BilderOO3-neu_bearbeitet_2500x1000-1-2048x819.jpg 2048w, https:\/\/www.wamo-plan.com\/wp-content\/uploads\/2020\/01\/BilderOO3-neu_bearbeitet_2500x1000-1-1080x432.jpg 1080w, https:\/\/www.wamo-plan.com\/wp-content\/uploads\/2020\/01\/BilderOO3-neu_bearbeitet_2500x1000-1-1280x512.jpg 1280w, https:\/\/www.wamo-plan.com\/wp-content\/uploads\/2020\/01\/BilderOO3-neu_bearbeitet_2500x1000-1-980x392.jpg 980w, https:\/\/www.wamo-plan.com\/wp-content\/uploads\/2020\/01\/BilderOO3-neu_bearbeitet_2500x1000-1-480x192.jpg 480w\" sizes=\"(max-width: 2500px) 100vw, 2500px\" \/>\t\t\t\t\t\t\t\t\t\t\t\t\t\t\t<\/div>\n\t\t\t\t<\/div>\n\t\t\t\t\t<\/div>\n\t\t<\/div>\n\t\t\t\t<div class=\"elementor-column elementor-col-50 elementor-top-column elementor-element elementor-element-7c115f02\" data-id=\"7c115f02\" data-element_type=\"column\">\n\t\t\t<div class=\"elementor-widget-wrap elementor-element-populated\">\n\t\t\t\t\t\t\t\t<div class=\"elementor-element elementor-element-52c02331 elementor-widget elementor-widget-heading\" data-id=\"52c02331\" data-element_type=\"widget\" data-widget_type=\"heading.default\">\n\t\t\t\t<div class=\"elementor-widget-container\">\n\t\t\t<h4 class=\"elementor-heading-title elementor-size-default\">Wissen ist macht!<\/h4>\t\t<\/div>\n\t\t\t\t<\/div>\n\t\t\t\t<div class=\"elementor-element elementor-element-35c175bb elementor-widget elementor-widget-text-editor\" data-id=\"35c175bb\" data-element_type=\"widget\" data-widget_type=\"text-editor.default\">\n\t\t\t\t<div class=\"elementor-widget-container\">\n\t\t\t\t\t\t\t<p>Bei Interesse melden Sie sich bitte bei uns, wir leiten Ihnen alle n\u00f6tigen Informationen samt den n\u00e4chsten Terminen gerne weiter.<\/p><p>Wissen und Know-how ist Trumpf! Denn heutzutage wird es immer schwieriger, alle Regeln, DIN-Normen und Standards der Baubranche vollst\u00e4ndig zu \u00fcberblicken. Nur wer es schafft, die aktuellen Entwicklungen im Blick zu behalten, kann sich dauerhaft im Markt behaupten!<\/p>\t\t\t\t\t\t<\/div>\n\t\t\t\t<\/div>\n\t\t\t\t\t<\/div>\n\t\t<\/div>\n\t\t\t\t\t\t\t<\/div>\n\t\t<\/section>\n\t\t\t\t\t\t\t<\/div>\n\t\t","protected":false},"excerpt":{"rendered":"<p>WAMOplan GmbH in Kerpen SEMINARE Mit unseren Seminaren bleiben Sie stets auf dem aktuellen Stand!!! Seminare speziell f\u00fcr&#8230; Bauleiter Architekten Planer Ingenieure Wir vermitteln aktuelle Regeln, DIN-Normen, Vorgaben, Anforderungen in unseren Grundlagen- und Praxisseminaren. Unser Seminarangebot f\u00fcr Sie zu den folgenden Themen: Grundlagenseminar Flachdach f\u00fcr Bauleiter Praxisseminar und Praxistipps f\u00fcr Bauleiter 02273 \u2013 6869821 Wissen&hellip;&nbsp;<a href=\"https:\/\/www.wamo-plan.com\/de\/seminare\/\" class=\"\" rel=\"bookmark\">Weiterlesen &raquo;<span class=\"screen-reader-text\">Seminare<\/span><\/a><\/p>\n","protected":false},"author":2,"featured_media":0,"parent":0,"menu_order":0,"comment_status":"closed","ping_status":"closed","template":"elementor_header_footer","meta":{"neve_meta_sidebar":"","neve_meta_container":"","neve_meta_enable_content_width":"","neve_meta_content_width":70,"neve_meta_title_alignment":"","neve_meta_author_avatar":"","neve_post_elements_order":"","neve_meta_disable_header":"","neve_meta_disable_footer":"","neve_meta_disable_title":""},"yoast_head":"<!-- This site is optimized with the Yoast SEO plugin v21.1 - https:\/\/yoast.com\/wordpress\/plugins\/seo\/ -->\n<title>Seminare f\u00fcr Bauleiter | Grundlagen- &amp; Praxisseminare | WAMOplan<\/title>\n<meta name=\"description\" content=\"Regelm\u00e4\u00dfige Seminare f\u00fcr Bauleiter, Architekten, Ingenieure &amp; Planer. Wissen ist Trumpf - fragen Sie jetzt Ihren Seminartermin an.\" \/>\n<meta name=\"robots\" content=\"index, follow, max-snippet:-1, max-image-preview:large, max-video-preview:-1\" \/>\n<link rel=\"canonical\" href=\"https:\/\/www.wamo-plan.com\/de\/seminare\/\" \/>\n<meta property=\"og:locale\" content=\"de_DE\" \/>\n<meta property=\"og:type\" content=\"article\" \/>\n<meta property=\"og:title\" content=\"Seminare f\u00fcr Bauleiter | Grundlagen- &amp; Praxisseminare | WAMOplan\" \/>\n<meta property=\"og:description\" content=\"Regelm\u00e4\u00dfige Seminare f\u00fcr Bauleiter, Architekten, Ingenieure &amp; Planer. Wissen ist Trumpf - fragen Sie jetzt Ihren Seminartermin an.\" \/>\n<meta property=\"og:url\" content=\"https:\/\/www.wamo-plan.com\/de\/seminare\/\" \/>\n<meta property=\"og:site_name\" content=\"WAMOplan GmbH\" \/>\n<meta property=\"article:modified_time\" content=\"2021-08-26T10:41:35+00:00\" \/>\n<meta property=\"og:image\" content=\"https:\/\/www.wamo-plan.com\/wp-content\/uploads\/2020\/01\/BilderOO3-neu_bearbeitet_2500x1000-1.jpg\" \/>\n<meta name=\"twitter:card\" content=\"summary_large_image\" \/>\n<meta name=\"twitter:label1\" content=\"Gesch\u00e4tzte Lesezeit\" \/>\n\t<meta name=\"twitter:data1\" content=\"1\u00a0Minute\" \/>\n<script type=\"application\/ld+json\" class=\"yoast-schema-graph\">{\"@context\":\"https:\/\/schema.org\",\"@graph\":[{\"@type\":\"WebPage\",\"@id\":\"https:\/\/www.wamo-plan.com\/de\/seminare\/\",\"url\":\"https:\/\/www.wamo-plan.com\/de\/seminare\/\",\"name\":\"Seminare f\u00fcr Bauleiter | Grundlagen- & Praxisseminare | WAMOplan\",\"isPartOf\":{\"@id\":\"https:\/\/www.wamo-plan.com\/de\/#website\"},\"datePublished\":\"2019-07-16T09:26:57+00:00\",\"dateModified\":\"2021-08-26T10:41:35+00:00\",\"description\":\"Regelm\u00e4\u00dfige Seminare f\u00fcr Bauleiter, Architekten, Ingenieure & Planer. Wissen ist Trumpf - fragen Sie jetzt Ihren Seminartermin an.\",\"breadcrumb\":{\"@id\":\"https:\/\/www.wamo-plan.com\/de\/seminare\/#breadcrumb\"},\"inLanguage\":\"de\",\"potentialAction\":[{\"@type\":\"ReadAction\",\"target\":[\"https:\/\/www.wamo-plan.com\/de\/seminare\/\"]}]},{\"@type\":\"BreadcrumbList\",\"@id\":\"https:\/\/www.wamo-plan.com\/de\/seminare\/#breadcrumb\",\"itemListElement\":[{\"@type\":\"ListItem\",\"position\":1,\"name\":\"Startseite\",\"item\":\"https:\/\/www.wamo-plan.com\/de\/\"},{\"@type\":\"ListItem\",\"position\":2,\"name\":\"Seminare\"}]},{\"@type\":\"WebSite\",\"@id\":\"https:\/\/www.wamo-plan.com\/de\/#website\",\"url\":\"https:\/\/www.wamo-plan.com\/de\/\",\"name\":\"Planungs- und Sachverst\u00e4ndigenb\u00fcro | Ihre Bauexperten | WAMOplan\",\"description\":\"\",\"publisher\":{\"@id\":\"https:\/\/www.wamo-plan.com\/de\/#organization\"},\"potentialAction\":[{\"@type\":\"SearchAction\",\"target\":{\"@type\":\"EntryPoint\",\"urlTemplate\":\"https:\/\/www.wamo-plan.com\/de\/?s={search_term_string}\"},\"query-input\":\"required name=search_term_string\"}],\"inLanguage\":\"de\"},{\"@type\":\"Organization\",\"@id\":\"https:\/\/www.wamo-plan.com\/de\/#organization\",\"name\":\"WAMOplan GmbH\",\"url\":\"https:\/\/www.wamo-plan.com\/de\/\",\"logo\":{\"@type\":\"ImageObject\",\"inLanguage\":\"de\",\"@id\":\"https:\/\/www.wamo-plan.com\/de\/#\/schema\/logo\/image\/\",\"url\":\"https:\/\/www.wamo-plan.com\/wp-content\/uploads\/2019\/12\/WAMOplan_Logo.png\",\"contentUrl\":\"https:\/\/www.wamo-plan.com\/wp-content\/uploads\/2019\/12\/WAMOplan_Logo.png\",\"width\":2480,\"height\":710,\"caption\":\"WAMOplan GmbH\"},\"image\":{\"@id\":\"https:\/\/www.wamo-plan.com\/de\/#\/schema\/logo\/image\/\"}}]}<\/script>\n<!-- \/ Yoast SEO plugin. -->","yoast_head_json":{"title":"Seminare f\u00fcr Bauleiter | Grundlagen- & Praxisseminare | WAMOplan","description":"Regelm\u00e4\u00dfige Seminare f\u00fcr Bauleiter, Architekten, Ingenieure & Planer. Wissen ist Trumpf - fragen Sie jetzt Ihren Seminartermin an.","robots":{"index":"index","follow":"follow","max-snippet":"max-snippet:-1","max-image-preview":"max-image-preview:large","max-video-preview":"max-video-preview:-1"},"canonical":"https:\/\/www.wamo-plan.com\/de\/seminare\/","og_locale":"de_DE","og_type":"article","og_title":"Seminare f\u00fcr Bauleiter | Grundlagen- & Praxisseminare | WAMOplan","og_description":"Regelm\u00e4\u00dfige Seminare f\u00fcr Bauleiter, Architekten, Ingenieure & Planer. Wissen ist Trumpf - fragen Sie jetzt Ihren Seminartermin an.","og_url":"https:\/\/www.wamo-plan.com\/de\/seminare\/","og_site_name":"WAMOplan GmbH","article_modified_time":"2021-08-26T10:41:35+00:00","og_image":[{"url":"https:\/\/www.wamo-plan.com\/wp-content\/uploads\/2020\/01\/BilderOO3-neu_bearbeitet_2500x1000-1.jpg"}],"twitter_card":"summary_large_image","twitter_misc":{"Gesch\u00e4tzte Lesezeit":"1\u00a0Minute"},"schema":{"@context":"https:\/\/schema.org","@graph":[{"@type":"WebPage","@id":"https:\/\/www.wamo-plan.com\/de\/seminare\/","url":"https:\/\/www.wamo-plan.com\/de\/seminare\/","name":"Seminare f\u00fcr Bauleiter | Grundlagen- & Praxisseminare | WAMOplan","isPartOf":{"@id":"https:\/\/www.wamo-plan.com\/de\/#website"},"datePublished":"2019-07-16T09:26:57+00:00","dateModified":"2021-08-26T10:41:35+00:00","description":"Regelm\u00e4\u00dfige Seminare f\u00fcr Bauleiter, Architekten, Ingenieure & Planer. Wissen ist Trumpf - fragen Sie jetzt Ihren Seminartermin an.","breadcrumb":{"@id":"https:\/\/www.wamo-plan.com\/de\/seminare\/#breadcrumb"},"inLanguage":"de","potentialAction":[{"@type":"ReadAction","target":["https:\/\/www.wamo-plan.com\/de\/seminare\/"]}]},{"@type":"BreadcrumbList","@id":"https:\/\/www.wamo-plan.com\/de\/seminare\/#breadcrumb","itemListElement":[{"@type":"ListItem","position":1,"name":"Startseite","item":"https:\/\/www.wamo-plan.com\/de\/"},{"@type":"ListItem","position":2,"name":"Seminare"}]},{"@type":"WebSite","@id":"https:\/\/www.wamo-plan.com\/de\/#website","url":"https:\/\/www.wamo-plan.com\/de\/","name":"Planungs- und Sachverst\u00e4ndigenb\u00fcro | Ihre Bauexperten | WAMOplan","description":"","publisher":{"@id":"https:\/\/www.wamo-plan.com\/de\/#organization"},"potentialAction":[{"@type":"SearchAction","target":{"@type":"EntryPoint","urlTemplate":"https:\/\/www.wamo-plan.com\/de\/?s={search_term_string}"},"query-input":"required name=search_term_string"}],"inLanguage":"de"},{"@type":"Organization","@id":"https:\/\/www.wamo-plan.com\/de\/#organization","name":"WAMOplan GmbH","url":"https:\/\/www.wamo-plan.com\/de\/","logo":{"@type":"ImageObject","inLanguage":"de","@id":"https:\/\/www.wamo-plan.com\/de\/#\/schema\/logo\/image\/","url":"https:\/\/www.wamo-plan.com\/wp-content\/uploads\/2019\/12\/WAMOplan_Logo.png","contentUrl":"https:\/\/www.wamo-plan.com\/wp-content\/uploads\/2019\/12\/WAMOplan_Logo.png","width":2480,"height":710,"caption":"WAMOplan GmbH"},"image":{"@id":"https:\/\/www.wamo-plan.com\/de\/#\/schema\/logo\/image\/"}}]}},"_links":{"self":[{"href":"https:\/\/www.wamo-plan.com\/de\/wp-json\/wp\/v2\/pages\/15"}],"collection":[{"href":"https:\/\/www.wamo-plan.com\/de\/wp-json\/wp\/v2\/pages"}],"about":[{"href":"https:\/\/www.wamo-plan.com\/de\/wp-json\/wp\/v2\/types\/page"}],"author":[{"embeddable":true,"href":"https:\/\/www.wamo-plan.com\/de\/wp-json\/wp\/v2\/users\/2"}],"replies":[{"embeddable":true,"href":"https:\/\/www.wamo-plan.com\/de\/wp-json\/wp\/v2\/comments?post=15"}],"version-history":[{"count":10,"href":"https:\/\/www.wamo-plan.com\/de\/wp-json\/wp\/v2\/pages\/15\/revisions"}],"predecessor-version":[{"id":1879,"href":"https:\/\/www.wamo-plan.com\/de\/wp-json\/wp\/v2\/pages\/15\/revisions\/1879"}],"wp:attachment":[{"href":"https:\/\/www.wamo-plan.com\/de\/wp-json\/wp\/v2\/media?parent=15"}],"curies":[{"name":"wp","href":"https:\/\/api.w.org\/{rel}","templated":true}]}}